{"id":50,"date":"2025-01-31T08:55:08","date_gmt":"2025-01-31T08:55:08","guid":{"rendered":"https:\/\/brennix.de\/?page_id=50"},"modified":"2025-04-29T09:19:35","modified_gmt":"2025-04-29T09:19:35","slug":"liftoff","status":"publish","type":"page","link":"https:\/\/brennix.de\/?page_id=50","title":{"rendered":""},"content":{"rendered":"\n<main class=\"wp-block-group alignfull site-content is-layout-flow wp-block-group-is-layout-flow\" id=\"header\" style=\"margin-top:0\">\n<div class=\"wp-block-cover alignfull\" style=\"padding-top:0px;min-height:502px;aspect-ratio:unset;\"><img loading=\"lazy\" decoding=\"async\" width=\"1920\" height=\"1080\" class=\"wp-block-cover__image-background wp-image-127\" alt=\"\" src=\"https:\/\/brennix.de\/wp-content\/uploads\/2025\/01\/brennix-Liftoff-zusammen-bild-1.jpg\" data-object-fit=\"cover\" srcset=\"https:\/\/brennix.de\/wp-content\/uploads\/2025\/01\/brennix-Liftoff-zusammen-bild-1.jpg 1920w, https:\/\/brennix.de\/wp-content\/uploads\/2025\/01\/brennix-Liftoff-zusammen-bild-1-300x169.jpg 300w, https:\/\/brennix.de\/wp-content\/uploads\/2025\/01\/brennix-Liftoff-zusammen-bild-1-1024x576.jpg 1024w\" sizes=\"auto, (max-width: 1920px) 100vw, 1920px\" \/><span aria-hidden=\"true\" class=\"wp-block-cover__background has-black-background-color has-background-dim-40 has-background-dim\"><\/span><div class=\"wp-block-cover__inner-container is-layout-flow wp-block-cover-is-layout-flow\">\n<div class=\"wp-block-group is-style-default has-global-padding is-layout-constrained wp-block-group-is-layout-constrained\">\n<div style=\"height:251px\" aria-hidden=\"true\" class=\"wp-block-spacer\"><\/div>\n\n\n\n<h2 class=\"wp-block-heading has-white-color has-text-color has-max-48-font-size\"><mark style=\"background-color:rgba(0, 0, 0, 0);color:#f1d91f\" class=\"has-inline-color\">Brennix <strong>LiftOff<\/strong><\/mark> Ballvape<\/h2>\n\n\n\n<div class=\"wp-block-group has-global-padding is-layout-constrained wp-block-group-is-layout-constrained\">\n<details class=\"wp-block-details is-layout-flow wp-block-details-is-layout-flow\"><summary><strong>Maximale Extraktion, unverf\u00e4lschter Geschmack.<\/strong><br>Bereit f\u00fcr den Abflug?<\/summary>\n<p><\/p>\n<\/details>\n<\/div>\n\n\n\n<div style=\"height:63px\" aria-hidden=\"true\" class=\"wp-block-spacer\"><\/div>\n<\/div>\n<\/div><\/div>\n<\/main>\n\n\n\n<div id=\"services\" class=\"wp-block-group pattern_multiple_covers has-global-padding is-layout-constrained wp-block-group-is-layout-constrained\">\n<p class=\"has-text-align-left has-secondary-color has-text-color\" style=\"letter-spacing:1px\"><mark style=\"background-color:rgba(0, 0, 0, 0);color:#f1d91f\" class=\"has-inline-color\">Maximale Power, reiner Geschmack!<\/mark><\/p>\n\n\n\n<p class=\"has-text-align-left\">Erlebe das volle Potenzial deiner Kr\u00e4uter mit dem Brennix LiftOff Ballvape. Dank modernster Heiztechnologie mit Gem-cut Rubies sorgt er f\u00fcr eine intensive, gleichm\u00e4\u00dfige Extraktion, dichte Wolken, pure Aromen und kompromisslose Wirkung. Dank dem Titan-Kr\u00e4uterkopf entfaltet jeder Zug das gesamte Terpen-Profil, ohne Verluste. Perfekt f\u00fcr alle, die mehr wollen. Bereit f\u00fcr den Abflug?<\/p>\n\n\n\n<div style=\"height:46px\" aria-hidden=\"true\" class=\"wp-block-spacer\"><\/div>\n\n\n\n<div class=\"wp-block-columns is-layout-flex wp-container-core-columns-is-layout-28f84493 wp-block-columns-is-layout-flex\">\n<div class=\"wp-block-column is-layout-flow wp-block-column-is-layout-flow\" style=\"padding-top:0;padding-right:0;padding-bottom:0;padding-left:0\">\n<div class=\"wp-block-cover has-custom-content-position is-position-bottom-left wp-duotone-unset-1\" style=\"padding-top:var(--wp--preset--spacing--small);padding-right:var(--wp--preset--spacing--x-small);padding-bottom:var(--wp--preset--spacing--small);padding-left:var(--wp--preset--spacing--x-small)\"><img loading=\"lazy\" decoding=\"async\" width=\"1000\" height=\"667\" class=\"wp-block-cover__image-background wp-image-129\" alt=\"\" src=\"https:\/\/brennix.de\/wp-content\/uploads\/2025\/01\/Rubies-Brennix-Bild.jpg\" data-object-fit=\"cover\" srcset=\"https:\/\/brennix.de\/wp-content\/uploads\/2025\/01\/Rubies-Brennix-Bild.jpg 1000w, https:\/\/brennix.de\/wp-content\/uploads\/2025\/01\/Rubies-Brennix-Bild-300x200.jpg 300w\" sizes=\"auto, (max-width: 1000px) 100vw, 1000px\" \/><span aria-hidden=\"true\" class=\"wp-block-cover__background has-primary-background-color has-background-dim-70 has-background-dim\"><\/span><div class=\"wp-block-cover__inner-container is-layout-flow wp-block-cover-is-layout-flow\">\n<h3 class=\"wp-block-heading has-white-color has-text-color has-medium-font-size\" style=\"margin-top:0;margin-right:0;margin-bottom:0;margin-left:0\">Gem-Cut<br>Rubies<\/h3>\n\n\n\n<p class=\"has-secondary-color has-text-color has-link-color wp-elements-c3acfab671ecef1fc7828190480d9a42\" style=\"margin-top:0;margin-right:0;margin-bottom:0;margin-left:0\"><\/p>\n<\/div><\/div>\n<\/div>\n\n\n\n<div class=\"wp-block-column is-layout-flow wp-block-column-is-layout-flow\" style=\"padding-top:0;padding-right:0;padding-bottom:0;padding-left:0\">\n<div class=\"wp-block-cover has-custom-content-position is-position-bottom-left\" style=\"padding-top:var(--wp--preset--spacing--small);padding-right:var(--wp--preset--spacing--x-small);padding-bottom:var(--wp--preset--spacing--small);padding-left:var(--wp--preset--spacing--x-small)\"><img loading=\"lazy\" decoding=\"async\" width=\"1000\" height=\"667\" class=\"wp-block-cover__image-background wp-image-131\" alt=\"\" src=\"https:\/\/brennix.de\/wp-content\/uploads\/2025\/01\/Venti-Brennix-Bild.jpg\" data-object-fit=\"cover\" srcset=\"https:\/\/brennix.de\/wp-content\/uploads\/2025\/01\/Venti-Brennix-Bild.jpg 1000w, https:\/\/brennix.de\/wp-content\/uploads\/2025\/01\/Venti-Brennix-Bild-300x200.jpg 300w\" sizes=\"auto, (max-width: 1000px) 100vw, 1000px\" \/><span aria-hidden=\"true\" class=\"wp-block-cover__background has-primary-background-color has-background-dim-70 has-background-dim\"><\/span><div class=\"wp-block-cover__inner-container is-layout-flow wp-block-cover-is-layout-flow\">\n<h3 class=\"wp-block-heading has-white-color has-text-color has-medium-font-size\" style=\"margin-top:0;margin-right:0;margin-bottom:0;margin-left:0\">Unique heat <br>displacement<\/h3>\n\n\n\n<p class=\"has-secondary-color has-text-color has-link-color wp-elements-c3acfab671ecef1fc7828190480d9a42\" style=\"margin-top:0;margin-right:0;margin-bottom:0;margin-left:0\"><\/p>\n<\/div><\/div>\n<\/div>\n\n\n\n<div class=\"wp-block-column is-layout-flow wp-block-column-is-layout-flow\" style=\"padding-top:0;padding-right:0;padding-bottom:0;padding-left:0\">\n<div class=\"wp-block-cover has-custom-content-position is-position-bottom-left\" style=\"padding-top:var(--wp--preset--spacing--small);padding-right:var(--wp--preset--spacing--x-small);padding-bottom:var(--wp--preset--spacing--small);padding-left:var(--wp--preset--spacing--x-small)\"><img loading=\"lazy\" decoding=\"async\" width=\"1000\" height=\"667\" class=\"wp-block-cover__image-background wp-image-130\" alt=\"\" src=\"https:\/\/brennix.de\/wp-content\/uploads\/2025\/01\/Adapter-Brennix-Bild.jpg\" data-object-fit=\"cover\" srcset=\"https:\/\/brennix.de\/wp-content\/uploads\/2025\/01\/Adapter-Brennix-Bild.jpg 1000w, https:\/\/brennix.de\/wp-content\/uploads\/2025\/01\/Adapter-Brennix-Bild-300x200.jpg 300w\" sizes=\"auto, (max-width: 1000px) 100vw, 1000px\" \/><span aria-hidden=\"true\" class=\"wp-block-cover__background has-primary-background-color has-background-dim-70 has-background-dim\"><\/span><div class=\"wp-block-cover__inner-container is-layout-flow wp-block-cover-is-layout-flow\">\n<h3 class=\"wp-block-heading has-white-color has-text-color has-medium-font-size\" style=\"margin-top:0;margin-right:0;margin-bottom:0;margin-left:0\">14.4mm<br>Adapter<\/h3>\n\n\n\n<p class=\"has-secondary-color has-text-color has-link-color wp-elements-c3acfab671ecef1fc7828190480d9a42\" style=\"margin-top:0;margin-right:0;margin-bottom:0;margin-left:0\"><\/p>\n<\/div><\/div>\n<\/div>\n<\/div>\n\n\n\n<div style=\"height:42px\" aria-hidden=\"true\" class=\"wp-block-spacer\"><\/div>\n<\/div>\n\n\n\n<p>Erlebe eine neue Dimension der Extraktion: Durch pr\u00e4zise abgestimmte Luftl\u00f6cher in verschiedenen Gr\u00f6\u00dfen wird die Hitze optimal verteilt, sodass dein Material gleichm\u00e4\u00dfig und effizient verdampft. Hochwertige <strong>Gem-Cut Rubies<\/strong> verbessern die W\u00e4rmespeicherung und sorgen f\u00fcr eine konstante, intensive Dampfproduktion. Dank seines durchdachten Designs passt der Brennix LiftOff nahtlos auf verschiedene Bowls und Bubbler f\u00fcr ein flexibles und unvergleichliches Dampferlebnis.<\/p>\n\n\n\n<div style=\"height:31px\" aria-hidden=\"true\" class=\"wp-block-spacer\"><\/div>\n\n\n\n<div class=\"wp-block-group alignfull has-global-padding is-layout-constrained wp-container-core-group-is-layout-93707e3a wp-block-group-is-layout-constrained\" id=\"cover\" style=\"margin-top:0px;margin-bottom:0px\">\n<div class=\"wp-block-cover alignfull\" style=\"min-height:549px;aspect-ratio:unset;\"><img loading=\"lazy\" decoding=\"async\" width=\"1920\" height=\"1080\" class=\"wp-block-cover__image-background wp-image-146\" alt=\"\" src=\"https:\/\/brennix.de\/wp-content\/uploads\/2025\/01\/Sieb-LiftOff.jpg\" data-object-fit=\"cover\" srcset=\"https:\/\/brennix.de\/wp-content\/uploads\/2025\/01\/Sieb-LiftOff.jpg 1920w, https:\/\/brennix.de\/wp-content\/uploads\/2025\/01\/Sieb-LiftOff-300x169.jpg 300w, https:\/\/brennix.de\/wp-content\/uploads\/2025\/01\/Sieb-LiftOff-1024x576.jpg 1024w\" sizes=\"auto, (max-width: 1920px) 100vw, 1920px\" \/><span aria-hidden=\"true\" class=\"wp-block-cover__background has-black-background-color has-background-dim-60 has-background-dim\"><\/span><div class=\"wp-block-cover__inner-container is-layout-flow wp-block-cover-is-layout-flow\">\n<div class=\"wp-block-group has-global-padding is-layout-constrained wp-container-core-group-is-layout-4383d167 wp-block-group-is-layout-constrained\">\n<div style=\"height:88px\" aria-hidden=\"true\" class=\"wp-block-spacer\"><\/div>\n\n\n\n<h2 class=\"wp-block-heading has-white-color has-text-color has-max-48-font-size\">Bereit f\u00fcr den LiftOff?<\/h2>\n\n\n\n<p>Hol dir den Brennix LiftOff und erlebe Dampf in einer neuen Dimension<\/p>\n\n\n\n<div class=\"wp-block-buttons is-layout-flex wp-block-buttons-is-layout-flex\">\n<div class=\"wp-block-button is-style-outline is-style-outline--2\"><a class=\"wp-block-button__link wp-element-button\" style=\"border-radius:0px;text-transform:uppercase\"><mark style=\"background-color:rgba(0, 0, 0, 0);color:#f1d91f\" class=\"has-inline-color\">LIFT<\/mark>OFF<\/a><\/div>\n<\/div>\n\n\n\n<div style=\"height:63px\" aria-hidden=\"true\" class=\"wp-block-spacer\"><\/div>\n<\/div>\n<\/div><\/div>\n<\/div>\n\n\n\n<h2 class=\"wp-block-heading has-text-align-center\">Finde den passenden <mark style=\"background-color:rgba(0, 0, 0, 0);color:#f1d91f\" class=\"has-inline-color\">Kr\u00e4uterkopf<\/mark> f\u00fcr dich!<\/h2>\n\n\n\n<div id=\"services\" class=\"wp-block-group pattern_multiple_covers has-global-padding is-layout-constrained wp-block-group-is-layout-constrained\">\n<p class=\"has-text-align-left\">Ob flexibel, effizient oder puristisch. W\u00e4hle den Kr\u00e4uterkopf, der zu deinem Stil passt. Der <strong>Titan-Kr\u00e4uterkopf<\/strong> ist modular und passt auf verschiedene Schliffe, der <strong>Glas Mikro-Kr\u00e4uterkopf<\/strong> ist ideal f\u00fcr kleine Mengen, und der <strong>Glas-Kr\u00e4uterkopf<\/strong> bietet pure Aromen ohne Kompromisse. Welcher ist dein Favorit?<\/p>\n\n\n\n<div style=\"height:46px\" aria-hidden=\"true\" class=\"wp-block-spacer\"><\/div>\n\n\n\n<div class=\"wp-block-columns is-layout-flex wp-container-core-columns-is-layout-28f84493 wp-block-columns-is-layout-flex\">\n<div class=\"wp-block-column is-layout-flow wp-block-column-is-layout-flow\" style=\"padding-top:0;padding-right:0;padding-bottom:0;padding-left:0\">\n<div class=\"wp-block-cover has-custom-content-position is-position-bottom-left wp-duotone-unset-3\" style=\"padding-top:var(--wp--preset--spacing--small);padding-right:var(--wp--preset--spacing--x-small);padding-bottom:var(--wp--preset--spacing--small);padding-left:var(--wp--preset--spacing--x-small)\"><img loading=\"lazy\" decoding=\"async\" width=\"1000\" height=\"667\" class=\"wp-block-cover__image-background wp-image-156\" alt=\"\" src=\"https:\/\/brennix.de\/wp-content\/uploads\/2025\/01\/Brennix-Glas-kopf.jpg\" data-object-fit=\"cover\" srcset=\"https:\/\/brennix.de\/wp-content\/uploads\/2025\/01\/Brennix-Glas-kopf.jpg 1000w, https:\/\/brennix.de\/wp-content\/uploads\/2025\/01\/Brennix-Glas-kopf-300x200.jpg 300w\" sizes=\"auto, (max-width: 1000px) 100vw, 1000px\" \/><span aria-hidden=\"true\" class=\"wp-block-cover__background has-primary-background-color has-background-dim-70 has-background-dim\"><\/span><div class=\"wp-block-cover__inner-container is-layout-flow wp-block-cover-is-layout-flow\">\n<h3 class=\"wp-block-heading has-white-color has-text-color has-medium-font-size\" style=\"margin-top:0;margin-right:0;margin-bottom:0;margin-left:0\">Glas-<br>Kr\u00e4uterkopf<\/h3>\n\n\n\n<p class=\"has-secondary-color has-text-color has-link-color wp-elements-23b0e7a6fab6954a6800055412ed89e3\" style=\"margin-top:0;margin-right:0;margin-bottom:0;margin-left:0\"><mark style=\"background-color:rgba(0, 0, 0, 0);color:#f1d91f\" class=\"has-inline-color\">Pure Aromen &#8211; ohne Kompromisse<\/mark><\/p>\n<\/div><\/div>\n<\/div>\n\n\n\n<div class=\"wp-block-column is-layout-flow wp-block-column-is-layout-flow\" style=\"padding-top:0;padding-right:0;padding-bottom:0;padding-left:0\">\n<div class=\"wp-block-cover has-custom-content-position is-position-bottom-left\" style=\"padding-top:var(--wp--preset--spacing--small);padding-right:var(--wp--preset--spacing--x-small);padding-bottom:var(--wp--preset--spacing--small);padding-left:var(--wp--preset--spacing--x-small)\"><img loading=\"lazy\" decoding=\"async\" width=\"1000\" height=\"667\" class=\"wp-block-cover__image-background wp-image-157\" alt=\"\" src=\"https:\/\/brennix.de\/wp-content\/uploads\/2025\/01\/Brennix-Titan-Kopf.jpg\" data-object-fit=\"cover\" srcset=\"https:\/\/brennix.de\/wp-content\/uploads\/2025\/01\/Brennix-Titan-Kopf.jpg 1000w, https:\/\/brennix.de\/wp-content\/uploads\/2025\/01\/Brennix-Titan-Kopf-300x200.jpg 300w\" sizes=\"auto, (max-width: 1000px) 100vw, 1000px\" \/><span aria-hidden=\"true\" class=\"wp-block-cover__background has-primary-background-color has-background-dim-70 has-background-dim\"><\/span><div class=\"wp-block-cover__inner-container is-layout-flow wp-block-cover-is-layout-flow\">\n<h3 class=\"wp-block-heading has-white-color has-text-color has-medium-font-size\" style=\"margin-top:0;margin-right:0;margin-bottom:0;margin-left:0\">Titan-<br>Kr\u00e4uterkopf<\/h3>\n\n\n\n<p class=\"has-secondary-color has-text-color has-link-color wp-elements-4889abd7eb51b8ce7ece31fff96968bb\" style=\"margin-top:0;margin-right:0;margin-bottom:0;margin-left:0\"><mark style=\"background-color:rgba(0, 0, 0, 0);color:#f1d91f\" class=\"has-inline-color\">Modular und Hitzeleitend<\/mark><\/p>\n<\/div><\/div>\n<\/div>\n\n\n\n<div class=\"wp-block-column is-layout-flow wp-block-column-is-layout-flow\" style=\"padding-top:0;padding-right:0;padding-bottom:0;padding-left:0\">\n<div class=\"wp-block-cover has-custom-content-position is-position-bottom-left\" style=\"padding-top:var(--wp--preset--spacing--small);padding-right:var(--wp--preset--spacing--x-small);padding-bottom:var(--wp--preset--spacing--small);padding-left:var(--wp--preset--spacing--x-small)\"><img loading=\"lazy\" decoding=\"async\" width=\"1000\" height=\"667\" class=\"wp-block-cover__image-background wp-image-158\" alt=\"\" src=\"https:\/\/brennix.de\/wp-content\/uploads\/2025\/01\/Brennix-Mikro-Kopf.jpg\" data-object-fit=\"cover\" srcset=\"https:\/\/brennix.de\/wp-content\/uploads\/2025\/01\/Brennix-Mikro-Kopf.jpg 1000w, https:\/\/brennix.de\/wp-content\/uploads\/2025\/01\/Brennix-Mikro-Kopf-300x200.jpg 300w\" sizes=\"auto, (max-width: 1000px) 100vw, 1000px\" \/><span aria-hidden=\"true\" class=\"wp-block-cover__background has-primary-background-color has-background-dim-70 has-background-dim\"><\/span><div class=\"wp-block-cover__inner-container is-layout-flow wp-block-cover-is-layout-flow\">\n<h3 class=\"wp-block-heading has-white-color has-text-color has-medium-font-size\" style=\"margin-top:0;margin-right:0;margin-bottom:0;margin-left:0\">Glas Mikro-<br>Kr\u00e4uterkopf<\/h3>\n\n\n\n<p class=\"has-secondary-color has-text-color has-link-color wp-elements-ebee377bd4575f3174fa60ee00fe6c9f\" style=\"margin-top:0;margin-right:0;margin-bottom:0;margin-left:0\"><mark style=\"background-color:rgba(0, 0, 0, 0);color:#f1d91f\" class=\"has-inline-color\">Ideal f\u00fcr kleine Mengen<\/mark><\/p>\n<\/div><\/div>\n<\/div>\n<\/div>\n\n\n\n<div style=\"height:42px\" aria-hidden=\"true\" class=\"wp-block-spacer\"><\/div>\n<\/div>\n\n\n\n<div style=\"height:0px\" aria-hidden=\"true\" class=\"wp-block-spacer\"><\/div>\n\n\n\n<p><\/p>\n","protected":false},"excerpt":{"rendered":"<p>Maximale Power, reiner Geschmack! Erlebe das volle Potenzial deiner Kr\u00e4uter mit dem Brennix LiftOff Ballvape. Dank modernster Heiztechnologie mit Gem-cut Rubies sorgt er f\u00fcr eine intensive, gleichm\u00e4\u00dfige Extraktion, dichte Wolken, pure Aromen und kompromisslose Wirkung. Dank dem Titan-Kr\u00e4uterkopf entfaltet jeder Zug das gesamte Terpen-Profil, ohne Verluste. Perfekt f\u00fcr alle, die mehr wollen. Bereit f\u00fcr den &hellip; <\/p>\n<p class=\"link-more\"><a href=\"https:\/\/brennix.de\/?page_id=50\" class=\"more-link\">Mehr <span class=\"screen-reader-text\">\u00fcber &#8222;&#8220; <\/span>Lesen<\/a><\/p>\n","protected":false},"author":2,"featured_media":0,"parent":0,"menu_order":0,"comment_status":"closed","ping_status":"closed","template":"","meta":{"footnotes":""},"class_list":["post-50","page","type-page","status-publish","hentry"],"_links":{"self":[{"href":"https:\/\/brennix.de\/index.php?rest_route=\/wp\/v2\/pages\/50","targetHints":{"allow":["GET"]}}],"collection":[{"href":"https:\/\/brennix.de\/index.php?rest_route=\/wp\/v2\/pages"}],"about":[{"href":"https:\/\/brennix.de\/index.php?rest_route=\/wp\/v2\/types\/page"}],"author":[{"embeddable":true,"href":"https:\/\/brennix.de\/index.php?rest_route=\/wp\/v2\/users\/2"}],"replies":[{"embeddable":true,"href":"https:\/\/brennix.de\/index.php?rest_route=%2Fwp%2Fv2%2Fcomments&post=50"}],"version-history":[{"count":31,"href":"https:\/\/brennix.de\/index.php?rest_route=\/wp\/v2\/pages\/50\/revisions"}],"predecessor-version":[{"id":241,"href":"https:\/\/brennix.de\/index.php?rest_route=\/wp\/v2\/pages\/50\/revisions\/241"}],"wp:attachment":[{"href":"https:\/\/brennix.de\/index.php?rest_route=%2Fwp%2Fv2%2Fmedia&parent=50"}],"curies":[{"name":"wp","href":"https:\/\/api.w.org\/{rel}","templated":true}]}}