{"id":222,"date":"2025-02-10T11:59:38","date_gmt":"2025-02-10T11:59:38","guid":{"rendered":"https:\/\/brennix.de\/?page_id=222"},"modified":"2025-02-10T11:59:38","modified_gmt":"2025-02-10T11:59:38","slug":"impressum","status":"publish","type":"page","link":"https:\/\/brennix.de\/?page_id=222","title":{"rendered":"Impressum"},"content":{"rendered":"\n<p><strong>Impressum:<\/strong><\/p>\n\n\n\n<p>Gesetzliche Anbieterkennung: Brennix, VDN Berlin GmbH, Karl-Kunger-Str 28, 12435 Berlin, Deutschland, Vertretungsberechtigte Gesellschafter: Andreas Halbmeier, Carsten Friedrici, USt-IdNr.: DE200416433, Steuernummer: 37\/569\/50419, eingetragen im Handelsregister des Amtsgerichtes Charlottenburg, Handelsregisternummer HRB 254927 B<br>E-Mail: mail@brennix.de<\/p>\n\n\n\n<p><strong>Alternative Streitbeilegung:<\/strong><br>Die Europ\u00e4ische Kommission stellt eine Plattform f\u00fcr die au\u00dfergerichtliche Online-Streitbeilegung (OS-Plattform) bereit, aufrufbar unter&nbsp;<mark><a href=\"https:\/\/ec.europa.eu\/consumers\/odr\" target=\"_blank\" rel=\"noreferrer noopener\">https:\/\/ec.europa.eu\/odr<\/a>.<\/mark><\/p>\n","protected":false},"excerpt":{"rendered":"<p>Impressum: Gesetzliche Anbieterkennung: Brennix, VDN Berlin GmbH, Karl-Kunger-Str 28, 12435 Berlin, Deutschland, Vertretungsberechtigte Gesellschafter: Andreas Halbmeier, Carsten Friedrici, USt-IdNr.: DE200416433, Steuernummer: 37\/569\/50419, eingetragen im Handelsregister des Amtsgerichtes Charlottenburg, Handelsregisternummer HRB 254927 BE-Mail: mail@brennix.de Alternative Streitbeilegung:Die Europ\u00e4ische Kommission stellt eine Plattform f\u00fcr die au\u00dfergerichtliche Online-Streitbeilegung (OS-Plattform) bereit, aufrufbar unter&nbsp;https:\/\/ec.europa.eu\/odr.<\/p>\n","protected":false},"author":2,"featured_media":0,"parent":0,"menu_order":0,"comment_status":"closed","ping_status":"closed","template":"","meta":{"footnotes":""},"class_list":["post-222","page","type-page","status-publish","hentry"],"_links":{"self":[{"href":"https:\/\/brennix.de\/index.php?rest_route=\/wp\/v2\/pages\/222","targetHints":{"allow":["GET"]}}],"collection":[{"href":"https:\/\/brennix.de\/index.php?rest_route=\/wp\/v2\/pages"}],"about":[{"href":"https:\/\/brennix.de\/index.php?rest_route=\/wp\/v2\/types\/page"}],"author":[{"embeddable":true,"href":"https:\/\/brennix.de\/index.php?rest_route=\/wp\/v2\/users\/2"}],"replies":[{"embeddable":true,"href":"https:\/\/brennix.de\/index.php?rest_route=%2Fwp%2Fv2%2Fcomments&post=222"}],"version-history":[{"count":1,"href":"https:\/\/brennix.de\/index.php?rest_route=\/wp\/v2\/pages\/222\/revisions"}],"predecessor-version":[{"id":223,"href":"https:\/\/brennix.de\/index.php?rest_route=\/wp\/v2\/pages\/222\/revisions\/223"}],"wp:attachment":[{"href":"https:\/\/brennix.de\/index.php?rest_route=%2Fwp%2Fv2%2Fmedia&parent=222"}],"curies":[{"name":"wp","href":"https:\/\/api.w.org\/{rel}","templated":true}]}}