{"id":164,"date":"2025-01-31T13:52:04","date_gmt":"2025-01-31T13:52:04","guid":{"rendered":"https:\/\/brennix.de\/?page_id=164"},"modified":"2025-04-29T09:16:52","modified_gmt":"2025-04-29T09:16:52","slug":"ueber-uns-2","status":"publish","type":"page","link":"https:\/\/brennix.de\/?page_id=164","title":{"rendered":""},"content":{"rendered":"\n<div class=\"wp-block-media-text has-media-on-the-right is-stacked-on-mobile\"><div class=\"wp-block-media-text__content\">\n<p><strong>\u00dcber uns<\/strong>:<br><br>Brennix steht f\u00fcr durchdachtes Design, kompromisslose Leistung und echte Leidenschaft f\u00fcr Vaporizer. Gegr\u00fcndet 2024 in Berlin, bringen wir jahrelange Erfahrung und technisches Know-how zusammen, um Ger\u00e4te zu entwickeln, die nicht nur funktionieren, sondern begeistern. Unsere Produktdesigner legen Wert auf jedes Detail, von der Materialwahl bis zur Performance. Das Ergebnis: pr\u00e4zise gefertigte Vaporizer, die Geschmack und Effizienz auf ein neues Level heben.<\/p>\n<\/div><figure class=\"wp-block-media-text__media\"><img loading=\"lazy\" decoding=\"async\" width=\"1000\" height=\"1000\" src=\"https:\/\/brennix.de\/wp-content\/uploads\/2025\/01\/Brennix-Mockup.jpg\" alt=\"\" class=\"wp-image-176 size-full\" srcset=\"https:\/\/brennix.de\/wp-content\/uploads\/2025\/01\/Brennix-Mockup.jpg 1000w, https:\/\/brennix.de\/wp-content\/uploads\/2025\/01\/Brennix-Mockup-300x300.jpg 300w, https:\/\/brennix.de\/wp-content\/uploads\/2025\/01\/Brennix-Mockup-150x150.jpg 150w\" sizes=\"auto, (max-width: 1000px) 100vw, 1000px\" \/><\/figure><\/div>\n\n\n\n<div style=\"height:100px\" aria-hidden=\"true\" class=\"wp-block-spacer\"><\/div>\n\n\n\n<div class=\"wp-block-cover alignfull\" style=\"min-height:549px;aspect-ratio:unset;\"><span aria-hidden=\"true\" class=\"wp-block-cover__background has-black-background-color has-background-dim-60 has-background-dim\"><\/span><img loading=\"lazy\" decoding=\"async\" width=\"1920\" height=\"1080\" class=\"wp-block-cover__image-background wp-image-146\" alt=\"\" src=\"https:\/\/brennix.de\/wp-content\/uploads\/2025\/01\/Sieb-LiftOff.jpg\" data-object-fit=\"cover\" srcset=\"https:\/\/brennix.de\/wp-content\/uploads\/2025\/01\/Sieb-LiftOff.jpg 1920w, https:\/\/brennix.de\/wp-content\/uploads\/2025\/01\/Sieb-LiftOff-300x169.jpg 300w, https:\/\/brennix.de\/wp-content\/uploads\/2025\/01\/Sieb-LiftOff-1024x576.jpg 1024w\" sizes=\"auto, (max-width: 1920px) 100vw, 1920px\" \/><div class=\"wp-block-cover__inner-container is-layout-flow wp-block-cover-is-layout-flow\">\n<div class=\"wp-block-group has-global-padding is-layout-constrained wp-container-core-group-is-layout-4383d167 wp-block-group-is-layout-constrained\">\n<div style=\"height:88px\" aria-hidden=\"true\" class=\"wp-block-spacer\"><\/div>\n\n\n\n<h2 class=\"wp-block-heading has-white-color has-text-color has-max-48-font-size\">Bereit f\u00fcr den LiftOff?<\/h2>\n\n\n\n<p>Hol dir den Brennix LiftOff und erlebe Dampf in einer neuen Dimension<\/p>\n\n\n\n<div class=\"wp-block-buttons is-layout-flex wp-block-buttons-is-layout-flex\">\n<div class=\"wp-block-button is-style-outline is-style-outline--1\" style=\"text-transform:uppercase\"><a class=\"wp-block-button__link wp-element-button\" href=\"https:\/\/brennix.de\/?page_id=50\" style=\"border-radius:0px\"><mark style=\"background-color:rgba(0, 0, 0, 0);color:#f1d91f\" class=\"has-inline-color\">LIFT<\/mark>OFF<\/a><\/div>\n<\/div>\n\n\n\n<div style=\"height:63px\" aria-hidden=\"true\" class=\"wp-block-spacer\"><\/div>\n<\/div>\n<\/div><\/div>\n\n\n\n<p><\/p>\n","protected":false},"excerpt":{"rendered":"<p>\u00dcber uns: Brennix steht f\u00fcr durchdachtes Design, kompromisslose Leistung und echte Leidenschaft f\u00fcr Vaporizer. Gegr\u00fcndet 2024 in Berlin, bringen wir jahrelange Erfahrung und technisches Know-how zusammen, um Ger\u00e4te zu entwickeln, die nicht nur funktionieren, sondern begeistern. Unsere Produktdesigner legen Wert auf jedes Detail, von der Materialwahl bis zur Performance. Das Ergebnis: pr\u00e4zise gefertigte Vaporizer, die &hellip; <\/p>\n<p class=\"link-more\"><a href=\"https:\/\/brennix.de\/?page_id=164\" class=\"more-link\">Mehr <span class=\"screen-reader-text\">\u00fcber &#8222;&#8220; <\/span>Lesen<\/a><\/p>\n","protected":false},"author":2,"featured_media":0,"parent":0,"menu_order":0,"comment_status":"closed","ping_status":"closed","template":"","meta":{"footnotes":""},"class_list":["post-164","page","type-page","status-publish","hentry"],"_links":{"self":[{"href":"https:\/\/brennix.de\/index.php?rest_route=\/wp\/v2\/pages\/164","targetHints":{"allow":["GET"]}}],"collection":[{"href":"https:\/\/brennix.de\/index.php?rest_route=\/wp\/v2\/pages"}],"about":[{"href":"https:\/\/brennix.de\/index.php?rest_route=\/wp\/v2\/types\/page"}],"author":[{"embeddable":true,"href":"https:\/\/brennix.de\/index.php?rest_route=\/wp\/v2\/users\/2"}],"replies":[{"embeddable":true,"href":"https:\/\/brennix.de\/index.php?rest_route=%2Fwp%2Fv2%2Fcomments&post=164"}],"version-history":[{"count":5,"href":"https:\/\/brennix.de\/index.php?rest_route=\/wp\/v2\/pages\/164\/revisions"}],"predecessor-version":[{"id":237,"href":"https:\/\/brennix.de\/index.php?rest_route=\/wp\/v2\/pages\/164\/revisions\/237"}],"wp:attachment":[{"href":"https:\/\/brennix.de\/index.php?rest_route=%2Fwp%2Fv2%2Fmedia&parent=164"}],"curies":[{"name":"wp","href":"https:\/\/api.w.org\/{rel}","templated":true}]}}